{"id":150,"date":"2019-03-12T21:28:28","date_gmt":"2019-03-12T21:28:28","guid":{"rendered":"http:\/\/rpnf.ch\/?page_id=150"},"modified":"2025-07-29T10:21:46","modified_gmt":"2025-07-29T08:21:46","slug":"raffi-p-n-falchi","status":"publish","type":"page","link":"https:\/\/raffifalchi.ch\/index.php\/raffi-p-n-falchi\/","title":{"rendered":"About"},"content":{"rendered":"<p><div class=\"fusion-fullwidth fullwidth-box fusion-builder-row-1 nonhundred-percent-fullwidth non-hundred-percent-height-scrolling fusion-equal-height-columns fusion-no-small-visibility fusion-no-medium-visibility\" style=\"background-color: rgba(211,211,211,0);background-position: center center;background-repeat: no-repeat;padding-top:5%;padding-right:0px;padding-bottom:5%;padding-left:0px;margin-bottom: 0px;margin-top: 0px;border-width: 0px 0px 0px 0px;border-color:rgba(226,226,226,0);border-style:solid;\" ><div class=\"fusion-builder-row fusion-row\"><div class=\"fusion-layout-column fusion_builder_column fusion-builder-column-0 fusion_builder_column_1_2 1_2 fusion-one-half fusion-column-first fusion-no-small-visibility fusion-no-medium-visibility\" style=\"width:50%;width:calc(50% - ( ( 7% ) * 0.5 ) );margin-right: 7%;margin-top:20px;margin-bottom:20px;\"><div class=\"fusion-column-wrapper lazyload fusion-flex-column-wrapper-legacy\" style=\"background-position:right top;background-blend-mode: overlay;background-repeat:no-repeat;-webkit-background-size:cover;-moz-background-size:cover;-o-background-size:cover;background-size:cover;padding: 0px 0px 0px 0px;\" data-bg-url=\"https:\/\/raffifalchi.ch\/wp-content\/uploads\/2022\/03\/Raffi-Falchi-V2.jpg\" data-bg=\"https:\/\/raffifalchi.ch\/wp-content\/uploads\/2022\/03\/Raffi-Falchi-V2.jpg\"><div class=\"fusion-sep-clear\"><\/div><div class=\"fusion-separator fusion-full-width-sep\" style=\"margin-left: auto;margin-right: auto;margin-top:300px;width:100%;\"><\/div><div class=\"fusion-sep-clear\"><\/div><div class=\"fusion-clearfix\"><\/div><\/div><\/div><div class=\"fusion-layout-column fusion_builder_column fusion-builder-column-1 fusion_builder_column_1_2 1_2 fusion-one-half fusion-column-last fusion-no-small-visibility fusion-no-medium-visibility\" style=\"width:50%;width:calc(50% - ( ( 7% ) * 0.5 ) );margin-top:20px;margin-bottom:20px;\"><div class=\"fusion-column-wrapper fusion-flex-column-wrapper-legacy\" style=\"background-position:left top;background-blend-mode: overlay;background-repeat:no-repeat;-webkit-background-size:cover;-moz-background-size:cover;-o-background-size:cover;background-size:cover;border-width: 2px 0 0 0;border-color:#000000;border-style:solid;padding: 20px 0px 0px 0px;\"><div class=\"fusion-text fusion-text-1 caption\"><p><strong>Raffi p.n. Falchi<br \/>\n<\/strong><\/p>\n<\/div><div class=\"fusion-sep-clear\"><\/div><div class=\"fusion-separator fusion-no-small-visibility fusion-no-medium-visibility fusion-full-width-sep\" style=\"margin-left: auto;margin-right: auto;margin-top:220px;width:100%;\"><\/div><div class=\"fusion-sep-clear\"><\/div><div class=\"fusion-sep-clear\"><\/div><div class=\"fusion-separator fusion-full-width-sep\" style=\"margin-left: auto;margin-right: auto;margin-top:20%;width:100%;\"><\/div><div class=\"fusion-sep-clear\"><\/div><div class=\"fusion-text fusion-text-2\"><p>Von klein auf wusste ich, dass ich Fotograf werden wollte. Die Welt in Bilder zu fassen war schon immer meine Passion. Als Jugendlicher in der eigenen Dunkelkammer, als Lehrling in einem Atelier, als junger Assistent bei erfahrenen Fotografen f\u00fchrte mein Weg schliesslich in die Selbst\u00e4ndigkeit, stets auf der Suche nach Neuem, stets bestrebt, nicht ans Ziel zu kommen, sondern weiterzugehen. Fotografie ist kein Zustand, kein Innehalten, kein Zur\u00fccklehnen, sondern Bewegung, Dynamik, Neugierde. In diesem Sinn fotografiere ich f\u00fcr mich selbst wie auch f\u00fcr meine Kunden und Kundinnen: mit Herz und Leidenschaft.<\/p>\n<\/div><div class=\"fusion-social-links fusion-social-links-1\"><div class=\"fusion-social-networks\"><div class=\"fusion-social-networks-wrapper\"><a class=\"fusion-social-network-icon fusion-tooltip fusion-instagram awb-icon-instagram\" style=\"color:#181818;font-size:18px;\" data-placement=\"top\" data-title=\"Instagram\" data-toggle=\"tooltip\" title=\"Instagram\" aria-label=\"instagram\" target=\"_blank\" rel=\"noopener noreferrer\" href=\"https:\/\/www.instagram.com\/raffi_falchi\/\"><\/a><\/div><\/div><\/div><style type=\"text\/css\">.fusion-social-links-1 .boxed-icons .fusion-social-network-icon{border-top-width:0px !important;border-right-width:0px !important;border-bottom-width:0px !important;border-left-width:0px !important;border-color:var(--awb-color3) !important;}.fusion-social-links-1 .boxed-icons .fusion-social-network-icon:hover{background-color:rgba(255,255,255,0) !important;border-color:var(--awb-color4) !important;}.fusion-social-links-1 .fusion-social-network-icon:hover{color:rgba(24,24,24,0.8) !important;}.fusion-social-links-1{ margin-top : 0px;margin-right : 0px;margin-bottom : 0px;margin-left : 0px;}<\/style><div class=\"fusion-clearfix\"><\/div><\/div><\/div><\/div><\/div><div class=\"fusion-fullwidth fullwidth-box fusion-builder-row-2 nonhundred-percent-fullwidth non-hundred-percent-height-scrolling fusion-equal-height-columns fusion-no-large-visibility\" style=\"background-color: rgba(211,211,211,0);background-position: center center;background-repeat: no-repeat;padding-top:5%;padding-right:0px;padding-bottom:5%;padding-left:0px;margin-bottom: 0px;margin-top: 0px;border-width: 0px 0px 0px 0px;border-color:rgba(226,226,226,0);border-style:solid;\" ><div class=\"fusion-builder-row fusion-row\"><div class=\"fusion-layout-column fusion_builder_column fusion-builder-column-2 fusion_builder_column_3_5 3_5 fusion-three-fifth fusion-column-first fusion-no-large-visibility\" style=\"width:60%;width:calc(60% - ( ( 7% ) * 0.6 ) );margin-right: 7%;margin-top:20px;margin-bottom:20px;\"><div class=\"fusion-column-wrapper lazyload fusion-flex-column-wrapper-legacy\" style=\"background-position:center center;background-blend-mode: overlay;background-repeat:no-repeat;-webkit-background-size:cover;-moz-background-size:cover;-o-background-size:cover;background-size:cover;padding: 0px 0px 0px 0px;\" data-bg-url=\"https:\/\/raffifalchi.ch\/wp-content\/uploads\/2022\/03\/Raffi-Falchi-V2.jpg\" data-bg=\"https:\/\/raffifalchi.ch\/wp-content\/uploads\/2022\/03\/Raffi-Falchi-V2.jpg\"><div class=\"fusion-sep-clear\"><\/div><div class=\"fusion-separator fusion-full-width-sep\" style=\"margin-left: auto;margin-right: auto;margin-top:25%;width:100%;\"><\/div><div class=\"fusion-sep-clear\"><\/div><div class=\"fusion-sep-clear\"><\/div><div class=\"fusion-separator fusion-full-width-sep\" style=\"margin-left: auto;margin-right: auto;margin-top:250px;width:100%;\"><\/div><div class=\"fusion-sep-clear\"><\/div><div class=\"fusion-clearfix\"><\/div><\/div><\/div><div class=\"fusion-layout-column fusion_builder_column fusion-builder-column-3 fusion_builder_column_2_5 2_5 fusion-two-fifth fusion-column-last fusion-no-large-visibility\" style=\"width:40%;width:calc(40% - ( ( 7% ) * 0.4 ) );margin-top:20px;margin-bottom:20px;\"><div class=\"fusion-column-wrapper fusion-flex-column-wrapper-legacy\" style=\"background-position:left top;background-blend-mode: overlay;background-repeat:no-repeat;-webkit-background-size:cover;-moz-background-size:cover;-o-background-size:cover;background-size:cover;border-width: 2px 0 0 0;border-color:#000000;border-style:solid;padding: 20px 0px 0px 0px;\"><div class=\"fusion-text fusion-text-3 caption\"><p><strong>Raffi p.n. Falchi<\/strong><\/p>\n<\/div><div class=\"fusion-sep-clear\"><\/div><div class=\"fusion-separator fusion-no-small-visibility fusion-no-medium-visibility fusion-full-width-sep\" style=\"margin-left: auto;margin-right: auto;margin-top:220px;width:100%;\"><\/div><div class=\"fusion-sep-clear\"><\/div><div class=\"fusion-sep-clear\"><\/div><div class=\"fusion-separator fusion-full-width-sep\" style=\"margin-left: auto;margin-right: auto;margin-top:10%;width:100%;\"><\/div><div class=\"fusion-sep-clear\"><\/div><div class=\"fusion-text fusion-text-4\"><p>Von klein auf wusste ich, dass ich Fotograf werden wollte. Die Welt in Bilder zu fassen war schon immer meine Passion. Als Jugendlicher in der eigenen Dunkelkammer, als Lehrling in einem Atelier, als junger Assistent bei erfahrenen Fotografen f\u00fchrte mein Weg schliesslich in die Selbst\u00e4ndigkeit, stets auf der Suche nach Neuem, stets bestrebt, nicht ans Ziel zu kommen, sondern weiterzugehen. Fotografie ist kein Zustand, kein Innehalten, kein Zur\u00fccklehnen, sondern Bewegung, Dynamik, Neugierde. In diesem Sinn fotografiere ich f\u00fcr mich selbst wie auch f\u00fcr meine Kunden und Kundinnen: mit Herz und Leidenschaft.<\/p>\n<\/div><div class=\"fusion-clearfix\"><\/div><\/div><\/div><\/div><\/div><div class=\"fusion-fullwidth fullwidth-box fusion-builder-row-3 fusion-flex-container hundred-percent-fullwidth non-hundred-percent-height-scrolling\" style=\"background-color: rgba(211,211,211,0);background-position: center center;background-repeat: no-repeat;border-width: 0px 0px 0px 0px;border-color:rgba(226,226,226,0);border-style:solid;\" ><div class=\"fusion-builder-row fusion-row fusion-flex-align-items-flex-start\" style=\"width:104% !important;max-width:104% !important;margin-left: calc(-4% \/ 2 );margin-right: calc(-4% \/ 2 );\"><div class=\"fusion-layout-column fusion_builder_column fusion-builder-column-4 fusion_builder_column_1_1 1_1 fusion-flex-column\"><div class=\"fusion-column-wrapper fusion-flex-justify-content-flex-start fusion-content-layout-column\" style=\"background-position:left top;background-repeat:no-repeat;-webkit-background-size:cover;-moz-background-size:cover;-o-background-size:cover;background-size:cover;padding: 0px 0px 0px 0px;\"><div class=\"fusion-menu-anchor\" id=\"contact\"><\/div><\/div><style type=\"text\/css\">.fusion-body .fusion-builder-column-4{width:100% !important;margin-top : 20px;margin-bottom : 20px;}.fusion-builder-column-4 > .fusion-column-wrapper {padding-top : 0px !important;padding-right : 0px !important;margin-right : 1.92%;padding-bottom : 0px !important;padding-left : 0px !important;margin-left : 1.92%;}@media only screen and (max-width:1024px) {.fusion-body .fusion-builder-column-4{width:100% !important;order : 0;}.fusion-builder-column-4 > .fusion-column-wrapper {margin-right : 1.92%;margin-left : 1.92%;}}@media only screen and (max-width:640px) {.fusion-body .fusion-builder-column-4{width:100% !important;order : 0;}.fusion-builder-column-4 > .fusion-column-wrapper {margin-right : 1.92%;margin-left : 1.92%;}}<\/style><\/div><\/div><style type=\"text\/css\">.fusion-body .fusion-flex-container.fusion-builder-row-3{ padding-top : 0px;margin-top : 0px;padding-right : 0px;padding-bottom : 0px;margin-bottom : 0px;padding-left : 0px;}<\/style><\/div><div class=\"fusion-fullwidth fullwidth-box fusion-builder-row-4 fusion-flex-container nonhundred-percent-fullwidth non-hundred-percent-height-scrolling fusion-no-large-visibility\" style=\"background-color: rgba(211,211,211,0);background-position: center center;background-repeat: no-repeat;border-width: 0px 0px 0px 0px;border-color:rgba(226,226,226,0);border-style:solid;\" ><div class=\"fusion-builder-row fusion-row fusion-flex-align-items-flex-start\" style=\"max-width:83.2%;margin-left: calc(-4% \/ 2 );margin-right: calc(-4% \/ 2 );\"><div class=\"fusion-layout-column fusion_builder_column fusion-builder-column-5 fusion_builder_column_1_1 1_1 fusion-flex-column\"><div class=\"fusion-column-wrapper fusion-flex-justify-content-flex-start fusion-content-layout-column\" style=\"background-position:left top;background-repeat:no-repeat;-webkit-background-size:cover;-moz-background-size:cover;-o-background-size:cover;background-size:cover;padding: 0px 0px 0px 0px;\"><div style=\"text-align:center;\"><style>.fusion-button.button-1{border-radius:0px 0px 0px 0px;}.fusion-button.button-1 .fusion-button-text{text-transform:uppercase;}<\/style><a class=\"fusion-button button-flat button-xlarge button-default button-1 fusion-button-span-yes fusion-button-default-type\" target=\"_self\" href=\"javascript:history.back()\"><span class=\"fusion-button-text\">back<\/span><\/a><\/div><\/div><style type=\"text\/css\">.fusion-body .fusion-builder-column-5{width:100% !important;margin-top : 20px;margin-bottom : 20px;}.fusion-builder-column-5 > .fusion-column-wrapper {padding-top : 0px !important;padding-right : 0px !important;margin-right : 1.92%;padding-bottom : 0px !important;padding-left : 0px !important;margin-left : 1.92%;}@media only screen and (max-width:1024px) {.fusion-body .fusion-builder-column-5{width:100% !important;order : 0;}.fusion-builder-column-5 > .fusion-column-wrapper {margin-right : 1.92%;margin-left : 1.92%;}}@media only screen and (max-width:640px) {.fusion-body .fusion-builder-column-5{width:100% !important;order : 0;}.fusion-builder-column-5 > .fusion-column-wrapper {margin-right : 1.92%;margin-left : 1.92%;}}<\/style><\/div><\/div><style type=\"text\/css\">.fusion-body .fusion-flex-container.fusion-builder-row-4{ padding-top : 0px;margin-top : 0px;padding-right : 0px;padding-bottom : 0px;margin-bottom : 0px;padding-left : 0px;}<\/style><\/div><\/p>\n","protected":false},"excerpt":{"rendered":"","protected":false},"author":1,"featured_media":0,"parent":0,"menu_order":0,"comment_status":"closed","ping_status":"closed","template":"100-width.php","meta":{"_monsterinsights_skip_tracking":false,"_monsterinsights_sitenote_active":false,"_monsterinsights_sitenote_note":"","_monsterinsights_sitenote_category":0,"footnotes":""},"class_list":["post-150","page","type-page","status-publish","hentry"],"yoast_head":"<!-- This site is optimized with the Yoast SEO plugin v27.5 - https:\/\/yoast.com\/product\/yoast-seo-wordpress\/ -->\n<title>About - Raffi p.n. Falchi | fotografie<\/title>\n<meta name=\"description\" content=\"Fotograf, Z\u00fcrich und Basel, Fotogstudio f\u00fcr Food Fotografie, Still Life, Produktfotografie, People, Industiral\" \/>\n<meta name=\"robots\" content=\"index, follow, max-snippet:-1, max-image-preview:large, max-video-preview:-1\" \/>\n<link rel=\"canonical\" href=\"https:\/\/raffifalchi.ch\/index.php\/raffi-p-n-falchi\/\" \/>\n<meta property=\"og:locale\" content=\"de_DE\" \/>\n<meta property=\"og:type\" content=\"article\" \/>\n<meta property=\"og:title\" content=\"About - Raffi p.n. Falchi | fotografie\" \/>\n<meta property=\"og:description\" content=\"Fotograf, Z\u00fcrich und Basel, Fotogstudio f\u00fcr Food Fotografie, Still Life, Produktfotografie, People, Industiral\" \/>\n<meta property=\"og:url\" content=\"https:\/\/raffifalchi.ch\/index.php\/raffi-p-n-falchi\/\" \/>\n<meta property=\"og:site_name\" content=\"Raffi p.n. Falchi | fotografie\" \/>\n<meta property=\"article:modified_time\" content=\"2025-07-29T08:21:46+00:00\" \/>\n<meta name=\"twitter:card\" content=\"summary_large_image\" \/>\n<meta name=\"twitter:label1\" content=\"Gesch\u00e4tzte Lesezeit\" \/>\n\t<meta name=\"twitter:data1\" content=\"11\u00a0Minuten\" \/>\n<script type=\"application\/ld+json\" class=\"yoast-schema-graph\">{\"@context\":\"https:\\\/\\\/schema.org\",\"@graph\":[{\"@type\":\"WebPage\",\"@id\":\"https:\\\/\\\/raffifalchi.ch\\\/index.php\\\/raffi-p-n-falchi\\\/\",\"url\":\"https:\\\/\\\/raffifalchi.ch\\\/index.php\\\/raffi-p-n-falchi\\\/\",\"name\":\"About - Raffi p.n. Falchi | fotografie\",\"isPartOf\":{\"@id\":\"https:\\\/\\\/raffifalchi.ch\\\/#website\"},\"datePublished\":\"2019-03-12T21:28:28+00:00\",\"dateModified\":\"2025-07-29T08:21:46+00:00\",\"description\":\"Fotograf, Z\u00fcrich und Basel, Fotogstudio f\u00fcr Food Fotografie, Still Life, Produktfotografie, People, Industiral\",\"breadcrumb\":{\"@id\":\"https:\\\/\\\/raffifalchi.ch\\\/index.php\\\/raffi-p-n-falchi\\\/#breadcrumb\"},\"inLanguage\":\"de-CH\",\"potentialAction\":[{\"@type\":\"ReadAction\",\"target\":[\"https:\\\/\\\/raffifalchi.ch\\\/index.php\\\/raffi-p-n-falchi\\\/\"]}]},{\"@type\":\"BreadcrumbList\",\"@id\":\"https:\\\/\\\/raffifalchi.ch\\\/index.php\\\/raffi-p-n-falchi\\\/#breadcrumb\",\"itemListElement\":[{\"@type\":\"ListItem\",\"position\":1,\"name\":\"Home\",\"item\":\"https:\\\/\\\/raffifalchi.ch\\\/\"},{\"@type\":\"ListItem\",\"position\":2,\"name\":\"About\"}]},{\"@type\":\"WebSite\",\"@id\":\"https:\\\/\\\/raffifalchi.ch\\\/#website\",\"url\":\"https:\\\/\\\/raffifalchi.ch\\\/\",\"name\":\"Raffi p.n. Falchi | fotografie\",\"description\":\"Food Fotografie, Still Life, Fotografie, Packshots, Packaging Fotografie\",\"publisher\":{\"@id\":\"https:\\\/\\\/raffifalchi.ch\\\/#organization\"},\"potentialAction\":[{\"@type\":\"SearchAction\",\"target\":{\"@type\":\"EntryPoint\",\"urlTemplate\":\"https:\\\/\\\/raffifalchi.ch\\\/?s={search_term_string}\"},\"query-input\":{\"@type\":\"PropertyValueSpecification\",\"valueRequired\":true,\"valueName\":\"search_term_string\"}}],\"inLanguage\":\"de-CH\"},{\"@type\":\"Organization\",\"@id\":\"https:\\\/\\\/raffifalchi.ch\\\/#organization\",\"name\":\"Raffi p.n. Falchi | fotografie\",\"url\":\"https:\\\/\\\/raffifalchi.ch\\\/\",\"logo\":{\"@type\":\"ImageObject\",\"inLanguage\":\"de-CH\",\"@id\":\"https:\\\/\\\/raffifalchi.ch\\\/#\\\/schema\\\/logo\\\/image\\\/\",\"url\":\"https:\\\/\\\/rpnf.ch\\\/wp-content\\\/uploads\\\/2022\\\/02\\\/Logo_Quadratisch_Optisch_Weiss.png\",\"contentUrl\":\"https:\\\/\\\/rpnf.ch\\\/wp-content\\\/uploads\\\/2022\\\/02\\\/Logo_Quadratisch_Optisch_Weiss.png\",\"width\":180,\"height\":215,\"caption\":\"Raffi p.n. Falchi | fotografie\"},\"image\":{\"@id\":\"https:\\\/\\\/raffifalchi.ch\\\/#\\\/schema\\\/logo\\\/image\\\/\"},\"sameAs\":[\"https:\\\/\\\/www.instagram.com\\\/raffi_falchi\\\/\"]}]}<\/script>\n<!-- \/ Yoast SEO plugin. -->","yoast_head_json":{"title":"About - Raffi p.n. Falchi | fotografie","description":"Fotograf, Z\u00fcrich und Basel, Fotogstudio f\u00fcr Food Fotografie, Still Life, Produktfotografie, People, Industiral","robots":{"index":"index","follow":"follow","max-snippet":"max-snippet:-1","max-image-preview":"max-image-preview:large","max-video-preview":"max-video-preview:-1"},"canonical":"https:\/\/raffifalchi.ch\/index.php\/raffi-p-n-falchi\/","og_locale":"de_DE","og_type":"article","og_title":"About - Raffi p.n. Falchi | fotografie","og_description":"Fotograf, Z\u00fcrich und Basel, Fotogstudio f\u00fcr Food Fotografie, Still Life, Produktfotografie, People, Industiral","og_url":"https:\/\/raffifalchi.ch\/index.php\/raffi-p-n-falchi\/","og_site_name":"Raffi p.n. Falchi | fotografie","article_modified_time":"2025-07-29T08:21:46+00:00","twitter_card":"summary_large_image","twitter_misc":{"Gesch\u00e4tzte Lesezeit":"11\u00a0Minuten"},"schema":{"@context":"https:\/\/schema.org","@graph":[{"@type":"WebPage","@id":"https:\/\/raffifalchi.ch\/index.php\/raffi-p-n-falchi\/","url":"https:\/\/raffifalchi.ch\/index.php\/raffi-p-n-falchi\/","name":"About - Raffi p.n. Falchi | fotografie","isPartOf":{"@id":"https:\/\/raffifalchi.ch\/#website"},"datePublished":"2019-03-12T21:28:28+00:00","dateModified":"2025-07-29T08:21:46+00:00","description":"Fotograf, Z\u00fcrich und Basel, Fotogstudio f\u00fcr Food Fotografie, Still Life, Produktfotografie, People, Industiral","breadcrumb":{"@id":"https:\/\/raffifalchi.ch\/index.php\/raffi-p-n-falchi\/#breadcrumb"},"inLanguage":"de-CH","potentialAction":[{"@type":"ReadAction","target":["https:\/\/raffifalchi.ch\/index.php\/raffi-p-n-falchi\/"]}]},{"@type":"BreadcrumbList","@id":"https:\/\/raffifalchi.ch\/index.php\/raffi-p-n-falchi\/#breadcrumb","itemListElement":[{"@type":"ListItem","position":1,"name":"Home","item":"https:\/\/raffifalchi.ch\/"},{"@type":"ListItem","position":2,"name":"About"}]},{"@type":"WebSite","@id":"https:\/\/raffifalchi.ch\/#website","url":"https:\/\/raffifalchi.ch\/","name":"Raffi p.n. Falchi | fotografie","description":"Food Fotografie, Still Life, Fotografie, Packshots, Packaging Fotografie","publisher":{"@id":"https:\/\/raffifalchi.ch\/#organization"},"potentialAction":[{"@type":"SearchAction","target":{"@type":"EntryPoint","urlTemplate":"https:\/\/raffifalchi.ch\/?s={search_term_string}"},"query-input":{"@type":"PropertyValueSpecification","valueRequired":true,"valueName":"search_term_string"}}],"inLanguage":"de-CH"},{"@type":"Organization","@id":"https:\/\/raffifalchi.ch\/#organization","name":"Raffi p.n. Falchi | fotografie","url":"https:\/\/raffifalchi.ch\/","logo":{"@type":"ImageObject","inLanguage":"de-CH","@id":"https:\/\/raffifalchi.ch\/#\/schema\/logo\/image\/","url":"https:\/\/rpnf.ch\/wp-content\/uploads\/2022\/02\/Logo_Quadratisch_Optisch_Weiss.png","contentUrl":"https:\/\/rpnf.ch\/wp-content\/uploads\/2022\/02\/Logo_Quadratisch_Optisch_Weiss.png","width":180,"height":215,"caption":"Raffi p.n. Falchi | fotografie"},"image":{"@id":"https:\/\/raffifalchi.ch\/#\/schema\/logo\/image\/"},"sameAs":["https:\/\/www.instagram.com\/raffi_falchi\/"]}]}},"_links":{"self":[{"href":"https:\/\/raffifalchi.ch\/index.php\/wp-json\/wp\/v2\/pages\/150","targetHints":{"allow":["GET"]}}],"collection":[{"href":"https:\/\/raffifalchi.ch\/index.php\/wp-json\/wp\/v2\/pages"}],"about":[{"href":"https:\/\/raffifalchi.ch\/index.php\/wp-json\/wp\/v2\/types\/page"}],"author":[{"embeddable":true,"href":"https:\/\/raffifalchi.ch\/index.php\/wp-json\/wp\/v2\/users\/1"}],"replies":[{"embeddable":true,"href":"https:\/\/raffifalchi.ch\/index.php\/wp-json\/wp\/v2\/comments?post=150"}],"version-history":[{"count":76,"href":"https:\/\/raffifalchi.ch\/index.php\/wp-json\/wp\/v2\/pages\/150\/revisions"}],"predecessor-version":[{"id":2728,"href":"https:\/\/raffifalchi.ch\/index.php\/wp-json\/wp\/v2\/pages\/150\/revisions\/2728"}],"wp:attachment":[{"href":"https:\/\/raffifalchi.ch\/index.php\/wp-json\/wp\/v2\/media?parent=150"}],"curies":[{"name":"wp","href":"https:\/\/api.w.org\/{rel}","templated":true}]}}